{"id":773,"date":"2016-10-14T10:47:19","date_gmt":"2016-10-14T08:47:19","guid":{"rendered":"http:\/\/wandaa.stthomas.de\/en\/?page_id=773"},"modified":"2019-02-14T11:20:26","modified_gmt":"2019-02-14T10:20:26","slug":"kontakt","status":"publish","type":"page","link":"https:\/\/wandaa.com\/en\/kontakt\/","title":{"rendered":"Contact"},"content":{"rendered":"<p>[et_pb_section fb_built=&#8221;1&#8243; next_background_color=&#8221;#ffffff&#8221; admin_label=&#8221;section&#8221; _builder_version=&#8221;3.0.74&#8243; background_color=&#8221;rgba(255,255,255,0.75)&#8221; background_image=&#8221;https:\/\/wandaa.com\/wp-content\/uploads\/2017\/02\/besprechung.jpg&#8221; transparent_background=&#8221;off&#8221;][et_pb_row make_fullwidth=&#8221;on&#8221; use_custom_gutter=&#8221;on&#8221; gutter_width=&#8221;1&#8243; custom_padding=&#8221;120px||120px|&#8221; custom_padding_phone=&#8221;30px||30px|&#8221; padding_mobile=&#8221;off&#8221; column_padding_mobile=&#8221;on&#8221; admin_label=&#8221;row&#8221; _builder_version=&#8221;3.0.47&#8243; background_size=&#8221;initial&#8221; background_position=&#8221;top_left&#8221; background_repeat=&#8221;repeat&#8221;][et_pb_column type=&#8221;4_4&#8243; _builder_version=&#8221;3.0.47&#8243;][et_pb_text admin_label=&#8221;h1 Wandaa Worldwide&#8221; _builder_version=&#8221;3.0.87&#8243; background_color=&#8221;rgba(255,255,255,0.75)&#8221; background_size=&#8221;initial&#8221; background_position=&#8221;top_left&#8221; background_repeat=&#8221;repeat&#8221; text_orientation=&#8221;center&#8221; module_alignment=&#8221;center&#8221; custom_margin=&#8221;|||&#8221; custom_margin_phone=&#8221;30px||30px|&#8221; custom_padding=&#8221;30px||30px|&#8221; use_border_color=&#8221;off&#8221; border_style=&#8221;solid&#8221;]<\/p>\n<h1>Wandaa Worldwide<\/h1>\n<p>[\/et_pb_text][\/et_pb_column][\/et_pb_row][\/et_pb_section][et_pb_section fb_built=&#8221;1&#8243; prev_background_color=&#8221;rgba(255,255,255,0.75)&#8221; next_background_color=&#8221;#ffffff&#8221; admin_label=&#8221;section&#8221; _builder_version=&#8221;3.0.74&#8243; custom_padding=&#8221;||0px|&#8221; transparent_background=&#8221;off&#8221;][et_pb_row admin_label=&#8221;row&#8221; _builder_version=&#8221;3.0.47&#8243; background_size=&#8221;initial&#8221; background_position=&#8221;top_left&#8221; background_repeat=&#8221;repeat&#8221;][et_pb_column type=&#8221;4_4&#8243; _builder_version=&#8221;3.0.47&#8243;][et_pb_image src=&#8221;https:\/\/wandaa.com\/wp-content\/uploads\/2017\/02\/wandaa-weltkarte-gross.png&#8221; align=&#8221;center&#8221; admin_label=&#8221;Bild&#8221; _builder_version=&#8221;3.0.74&#8243; max_width=&#8221;850px&#8221; animation=&#8221;off&#8221; sticky=&#8221;off&#8221;][\/et_pb_image][\/et_pb_column][\/et_pb_row][\/et_pb_section][et_pb_section fb_built=&#8221;1&#8243; prev_background_color=&#8221;#ffffff&#8221; next_background_color=&#8221;#000000&#8243; admin_label=&#8221;Sektion&#8221; module_id=&#8221;kontakt&#8221; _builder_version=&#8221;3.0.74&#8243; custom_padding=&#8221;0px|||&#8221; custom_padding_phone=&#8221;0px|||&#8221; transparent_background=&#8221;off&#8221;][et_pb_row custom_padding_phone=&#8221;0px||0px|&#8221; padding_mobile=&#8221;off&#8221; column_padding_mobile=&#8221;on&#8221; admin_label=&#8221;Zeile&#8221; _builder_version=&#8221;3.0.47&#8243; background_size=&#8221;initial&#8221; background_position=&#8221;top_left&#8221; background_repeat=&#8221;repeat&#8221;][et_pb_column type=&#8221;1_3&#8243; _builder_version=&#8221;3.0.47&#8243;][et_pb_text admin_label=&#8221;Wandaa Germany&#8221; _builder_version=&#8221;3.19.14&#8243; background_size=&#8221;initial&#8221; background_position=&#8221;top_left&#8221; background_repeat=&#8221;repeat&#8221;]<\/p>\n<h3>Wandaa GmbH<\/h3>\n<p><strong>Germany<\/strong><br \/> Am alten Kraftwerk 1<br \/> D-71672 Marbach am Neckar<br \/> Telefon: +49 7144 8062-116<br \/> Fax: +49 7144 8062-178<br \/> E-Mail: <a href=\"mailto:info@wandaa.com\" target=\"_blank\" rel=\"noopener noreferrer\">info@wandaa.com<\/a><\/p>\n<p><strong>Worldwide<br \/> <\/strong>Mrs. Xiao Dussling<br \/> Head of Sales Worldwide<br \/> Telefon: +49 7144 8062-168<br \/> E-Mail: <a href=\"mailto:xiao.dussling@wandaa.com\" target=\"_blank\" rel=\"noopener noreferrer\">xiao.dussling@wandaa.com<\/a><\/p>\n<p><strong>Europe and America<br \/> <\/strong>Mr. Giovanni Murari<br \/> Sales Team Leader for Masterbatches<br \/> Telefon: +49 7144 8062-155<br \/> E-Mail: <a href=\"mailto:giovanni.murari@wandaa.com\" target=\"_blank\" rel=\"noopener noreferrer\">giovanni.murari@wandaa.com<\/a><\/p>\n<p><strong>France<br \/> <\/strong>Mrs. Caroline Tan<br \/> Sales Manager<br \/> T\u00e9l\u00e9fone: +33 6133 48744<br \/> E-Mail: <a href=\"mailto:caroline.tan@wandaa.com\" target=\"_blank\" rel=\"noopener noreferrer\">caroline.tan@wandaa.com<\/a><\/p>\n<p>[\/et_pb_text][\/et_pb_column][et_pb_column type=&#8221;1_3&#8243; _builder_version=&#8221;3.0.47&#8243;][et_pb_text admin_label=&#8221;Wandaa Italy&#8221; _builder_version=&#8221;3.0.74&#8243; background_size=&#8221;initial&#8221; background_position=&#8221;top_left&#8221; background_repeat=&#8221;repeat&#8221;]<\/p>\n<h3>Wandaa S.r.l.<br \/>\nItaly<\/h3>\n<p>Via Santa Franca, 50<br \/>\n29121 Piacenza (PC)<br \/>\nTelefono: +39 0524 572490<br \/>\nFax:\u00a0+39 0524 572490<br \/>\nE-Mail: <a href=\"mailto:wandaa.italia@wandaa.com\">wandaa.italia@wandaa.com<\/a><\/p>\n<p>Mr. Giovanni Murari<br \/>\nCountry\u00a0Manager<br \/>\nTelefono: +49 7144 8062-155<br \/>\nE-Mail:\u00a0<a href=\"mailto:giovanni.murari@wandaa.com\" target=\"_blank\" rel=\"noopener\">giovanni.murari@wandaa.com<\/a><\/p>\n<p>Mr. Luigi Recchia &#8211; Kronos<br \/>\nSales Representative Italy, Balkan and Eastern Europe<br \/>\nTelefono: +39 0524 572490<br \/>\nCellulare: +39 328 6092309<br \/>\nE-Mail:\u00a0<a href=\"mailto:luigi.kronos@alice.it\" target=\"_blank\" rel=\"noopener\">luigi.kronos@alice.it<\/a><br \/>\n[\/et_pb_text][et_pb_text admin_label=&#8221;Wandaa USA&#8221; _builder_version=&#8221;3.0.74&#8243; background_size=&#8221;initial&#8221; background_position=&#8221;top_left&#8221; background_repeat=&#8221;repeat&#8221;]<\/p>\n<h3>Wandaa USA, Inc.<br \/>\nUnited States of America<\/h3>\n<p>8426 Colt Court<br \/>\nHolland, OH 43528<br \/>\nPhone: +1 419 868 8496<\/p>\n<p>Mr. Brian K. Douglas<br \/>\nSales Manager USA<br \/>\nE-Mail: <a href=\"mailto:brian.douglas@wandaa.com\" target=\"_blank\" rel=\"noopener\">brian.douglas@wandaa.com<\/a><br \/>\n[\/et_pb_text][et_pb_text admin_label=&#8221;Wandaa China&#8221; _builder_version=&#8221;3.0.74&#8243; background_size=&#8221;initial&#8221; background_position=&#8221;top_left&#8221; background_repeat=&#8221;repeat&#8221;]<\/p>\n<h3>Wandaa, Tianjin<br \/>\nWandaa, Shunde<br \/>\nWandaa, Ningbo<br \/>\nPeople&#8217;s Republic of China<\/h3>\n<p>Phone: +86 153 0662 6132<\/p>\n<p>Ms. Sandy Sun<br \/>\nCustomer Care China<br \/>\nE-Mail: <a href=\"mailto:sandy.sun@wandaa.cn\" target=\"_blank\" rel=\"noopener\">sandy.sun@wandaa.cn<\/a><br \/>\n[\/et_pb_text][\/et_pb_column][et_pb_column type=&#8221;1_3&#8243; _builder_version=&#8221;3.0.47&#8243;][et_pb_text admin_label=&#8221;Wandaa Slovakia&#8221; _builder_version=&#8221;3.0.74&#8243; background_size=&#8221;initial&#8221; background_position=&#8221;top_left&#8221; background_repeat=&#8221;repeat&#8221;]<\/p>\n<h3>Wandaa Senica, s.r.o.<br \/>\nSlovakia<\/h3>\n<p>Priemyseln\u00e1 281\/41<br \/>\nSK-905 01 Senica, SR<br \/>\nTelefon: +42 190 7479689<\/p>\n<p>Mrs. Alena Waldeckerova<br \/>\nSales Manager Slovakia<br \/>\nE-Mail: <a href=\"mailto:alena.waldeckerova@wandaa.com\" target=\"_blank\" rel=\"noopener\">alena.waldeckerova@wandaa.com<\/a><br \/>\n[\/et_pb_text][et_pb_text admin_label=&#8221;Wandaa Czech Republic&#8221; _builder_version=&#8221;3.0.74&#8243; background_size=&#8221;initial&#8221; background_position=&#8221;top_left&#8221; background_repeat=&#8221;repeat&#8221;]<\/p>\n<h3>Wandaa CZ, s.r.o.<br \/>\nCzech Republic<\/h3>\n<p>U Mal\u00e9ho lesa 2214\/7<br \/>\nCZ-591 01 \u017dd\u00b4\u00e1r nad S\u00e1zavou, \u010cR<br \/>\nTelefon: +42 191 77 23 973<\/p>\n<p>Mr. Jan Slezak<br \/>\nSales Manager Czech Republic<br \/>\nE-Mail: <a href=\"mailto:jan.slezak@wandaa.com\" target=\"_blank\" rel=\"noopener\">jan.slezak@wandaa.com<\/a><br \/>\n[\/et_pb_text][et_pb_text admin_label=&#8221;Wandaa Poland&#8221; _builder_version=&#8221;3.0.105&#8243; background_size=&#8221;initial&#8221; background_position=&#8221;top_left&#8221; background_repeat=&#8221;repeat&#8221;]<\/p>\n<h3>Wandaa Polska<br \/>\nSP. Z O.O.<\/h3>\n<p>ul. \u017borska 285<br \/>\n44-251 Rybnik<br \/>\nTelefon: +48 506 233 007<\/p>\n<p>Mrs. Ewa Pilch<br \/>\nSales Manager<br \/>\nTelefon: +49 7144 8062-110<br \/>\nE-Mail: <a href=\"mailto:ewa.pilch@wandaa.com\" target=\"_blank\" rel=\"noopener\">ewa.pilch@wandaa.com<\/a><br \/>\n[\/et_pb_text][\/et_pb_column][\/et_pb_row][\/et_pb_section]<\/p>\n","protected":false},"excerpt":{"rendered":"<p>Wandaa Worldwide Wandaa GmbH Germany Am alten Kraftwerk 1 D-71672 Marbach am Neckar Telefon: +49 7144 8062-116 Fax: +49 7144 8062-178 E-Mail: info@wandaa.com Worldwide Mrs. Xiao Dussling Head of Sales Worldwide Telefon: +49 7144 8062-168 E-Mail: xiao.dussling@wandaa.com Europe and America Mr. Giovanni Murari Sales Team Leader for Masterbatches Telefon: +49 7144 8062-155 E-Mail: giovanni.murari@wandaa.com France Mrs. Caroline Tan Sales Manager T\u00e9l\u00e9fone: +33 6133 48744 E-Mail: caroline.tan@wandaa.com Wandaa S.r.l. Italy Via Santa Franca, 50 29121 Piacenza (PC) Telefono: +39 0524 572490 Fax:\u00a0+39 0524 572490 E-Mail: wandaa.italia@wandaa.com Mr. Giovanni Murari Country\u00a0Manager Telefono: +49 7144 8062-155 E-Mail:\u00a0giovanni.murari@wandaa.com Mr. Luigi Recchia &#8211; Kronos Sales Representative Italy, Balkan and Eastern Europe Telefono: +39 0524 572490 Cellulare: +39 328 6092309 E-Mail:\u00a0luigi.kronos@alice.it Wandaa USA, Inc. United States of America 8426 Colt Court Holland, OH 43528 Phone: +1 419 868 8496 Mr. Brian K. Douglas Sales Manager USA E-Mail: brian.douglas@wandaa.com Wandaa, Tianjin Wandaa, Shunde Wandaa, Ningbo People&#8217;s Republic of China Phone: +86 153 0662 6132 Ms. Sandy Sun Customer Care China E-Mail: sandy.sun@wandaa.cn Wandaa Senica, s.r.o. Slovakia Priemyseln\u00e1 281\/41 SK-905 01 Senica, SR Telefon: +42 190 7479689 Mrs. Alena Waldeckerova Sales Manager Slovakia E-Mail: alena.waldeckerova@wandaa.com Wandaa CZ, s.r.o. Czech Republic U Mal\u00e9ho lesa 2214\/7 CZ-591 01 \u017dd\u00b4\u00e1r nad [&hellip;]<\/p>\n","protected":false},"author":11,"featured_media":0,"parent":0,"menu_order":0,"comment_status":"closed","ping_status":"closed","template":"","meta":{"_et_pb_use_builder":"on","_et_pb_old_content":"","_et_gb_content_width":"","_monsterinsights_skip_tracking":false,"_monsterinsights_sitenote_active":false,"_monsterinsights_sitenote_note":"","_monsterinsights_sitenote_category":0,"footnotes":""},"class_list":["post-773","page","type-page","status-publish","hentry"],"_links":{"self":[{"href":"https:\/\/wandaa.com\/en\/wp-json\/wp\/v2\/pages\/773","targetHints":{"allow":["GET"]}}],"collection":[{"href":"https:\/\/wandaa.com\/en\/wp-json\/wp\/v2\/pages"}],"about":[{"href":"https:\/\/wandaa.com\/en\/wp-json\/wp\/v2\/types\/page"}],"author":[{"embeddable":true,"href":"https:\/\/wandaa.com\/en\/wp-json\/wp\/v2\/users\/11"}],"replies":[{"embeddable":true,"href":"https:\/\/wandaa.com\/en\/wp-json\/wp\/v2\/comments?post=773"}],"version-history":[{"count":0,"href":"https:\/\/wandaa.com\/en\/wp-json\/wp\/v2\/pages\/773\/revisions"}],"wp:attachment":[{"href":"https:\/\/wandaa.com\/en\/wp-json\/wp\/v2\/media?parent=773"}],"curies":[{"name":"wp","href":"https:\/\/api.w.org\/{rel}","templated":true}]}}