{"id":765,"date":"2016-10-14T10:39:40","date_gmt":"2016-10-14T08:39:40","guid":{"rendered":"http:\/\/wandaa.stthomas.de\/en\/?page_id=765"},"modified":"2017-06-19T15:48:22","modified_gmt":"2017-06-19T13:48:22","slug":"mb-colours","status":"publish","type":"page","link":"https:\/\/wandaa.com\/en\/mb-colours\/","title":{"rendered":"MB Colors"},"content":{"rendered":"<p>[et_pb_section fb_built=&#8221;1&#8243; custom_padding=&#8221;|||&#8221; padding_mobile=&#8221;off&#8221; admin_label=&#8221;section&#8221; _builder_version=&#8221;3.0.47&#8243; background_image=&#8221;\/wp-content\/uploads\/2016\/10\/Masterbatches-gelb1.jpg&#8221;][et_pb_row make_fullwidth=&#8221;on&#8221; use_custom_gutter=&#8221;on&#8221; gutter_width=&#8221;1&#8243; custom_padding=&#8221;120px||120px|&#8221; custom_padding_phone=&#8221;30px||30px|&#8221; padding_mobile=&#8221;off&#8221; column_padding_mobile=&#8221;on&#8221; admin_label=&#8221;row&#8221; _builder_version=&#8221;3.0.47&#8243; background_size=&#8221;initial&#8221; background_position=&#8221;top_left&#8221; background_repeat=&#8221;repeat&#8221;][et_pb_column type=&#8221;4_4&#8243; _builder_version=&#8221;3.0.47&#8243; column_padding_mobile=&#8221;on&#8221; parallax=&#8221;off&#8221; parallax_method=&#8221;on&#8221;][et_pb_text background_layout=&#8221;dark&#8221; text_orientation=&#8221;center&#8221; admin_label=&#8221;h1 Masterbatches Colour&#8221; _builder_version=&#8221;3.0.47&#8243; background_color=&#8221;rgba(227,193,0,0.85)&#8221; background_size=&#8221;initial&#8221; background_position=&#8221;top_left&#8221; background_repeat=&#8221;repeat&#8221; custom_margin=&#8221;|||&#8221; custom_padding=&#8221;30px||30px|&#8221;]<\/p>\n<h1>Masterbatches\u00a0Colors<\/h1>\n<p>[\/et_pb_text][\/et_pb_column][\/et_pb_row][\/et_pb_section][et_pb_section fb_built=&#8221;1&#8243; padding_mobile=&#8221;off&#8221; admin_label=&#8221;section&#8221; _builder_version=&#8221;3.0.47&#8243;][et_pb_row custom_padding_phone=&#8221;0px||0px|&#8221; padding_mobile=&#8221;off&#8221; column_padding_mobile=&#8221;on&#8221; admin_label=&#8221;row&#8221; _builder_version=&#8221;3.0.47&#8243; background_size=&#8221;initial&#8221; background_position=&#8221;top_left&#8221; background_repeat=&#8221;repeat&#8221;][et_pb_column type=&#8221;4_4&#8243; _builder_version=&#8221;3.0.47&#8243; column_padding_mobile=&#8221;on&#8221; parallax=&#8221;off&#8221; parallax_method=&#8221;on&#8221;][et_pb_text text_orientation=&#8221;center&#8221; max_width=&#8221;900px&#8221; admin_label=&#8221;p Wandaa masterbatches&#8221; _builder_version=&#8221;3.0.51&#8243; background_size=&#8221;initial&#8221; background_position=&#8221;top_left&#8221; background_repeat=&#8221;repeat&#8221;]<\/p>\n<p class=\"p1\"><span class=\"s1\"><b>Wandaa masterbatches are used in blow molding, extruding, injection molding, the film and tube production, and in compounding.<\/b> This includes almost all industry sectors, including food and packaging industry, production of trash and shopping bags, construction and for agricultural foils, corrugated and other pipes, cables, consumer products, industry products, and many more. All our masterbatches are &ldquo;REACH&rdquo; registered.<\/span><\/p>\n<p>[\/et_pb_text][\/et_pb_column][\/et_pb_row][\/et_pb_section][et_pb_section fb_built=&#8221;1&#8243; custom_padding=&#8221;0px||100px|&#8221; custom_padding_phone=&#8221;0px||50px|&#8221; padding_mobile=&#8221;off&#8221; admin_label=&#8221;section&#8221; _builder_version=&#8221;3.0.47&#8243; background_image=&#8221;\/wp-content\/uploads\/2016\/09\/Masterbatches-schwarz-2.jpg&#8221; parallax=&#8221;on&#8221;][et_pb_row make_fullwidth=&#8221;on&#8221; use_custom_gutter=&#8221;on&#8221; gutter_width=&#8221;1&#8243; custom_padding=&#8221;0px|||&#8221; custom_padding_tablet=&#8221;0px|||&#8221; custom_padding_phone=&#8221;0px|||&#8221; padding_mobile=&#8221;off&#8221; column_padding_mobile=&#8221;on&#8221; admin_label=&#8221;row&#8221; _builder_version=&#8221;3.0.47&#8243; background_size=&#8221;initial&#8221; background_position=&#8221;top_left&#8221; background_repeat=&#8221;repeat&#8221;][et_pb_column type=&#8221;4_4&#8243; _builder_version=&#8221;3.0.47&#8243; column_padding_mobile=&#8221;on&#8221; parallax=&#8221;off&#8221; parallax_method=&#8221;on&#8221;][et_pb_text background_layout=&#8221;dark&#8221; text_orientation=&#8221;center&#8221; admin_label=&#8221;h2 Films&#8221; _builder_version=&#8221;3.0.47&#8243; background_color=&#8221;rgba(12,12,12,0.85)&#8221; background_size=&#8221;initial&#8221; background_position=&#8221;top_left&#8221; background_repeat=&#8221;repeat&#8221; custom_margin=&#8221;|||&#8221; custom_padding=&#8221;30px||30px|&#8221;]<\/p>\n<h2>Film<\/h2>\n<p>[\/et_pb_text][\/et_pb_column][\/et_pb_row][\/et_pb_section][et_pb_section fb_built=&#8221;1&#8243; custom_padding=&#8221;|||&#8221; padding_mobile=&#8221;off&#8221; admin_label=&#8221;section&#8221; _builder_version=&#8221;3.0.47&#8243;][et_pb_row use_custom_gutter=&#8221;on&#8221; gutter_width=&#8221;2&#8243; custom_padding_phone=&#8221;0px||0px|&#8221; padding_mobile=&#8221;off&#8221; column_padding_mobile=&#8221;on&#8221; admin_label=&#8221;row&#8221; _builder_version=&#8221;3.0.47&#8243; background_size=&#8221;initial&#8221; background_position=&#8221;top_left&#8221; background_repeat=&#8221;repeat&#8221;][et_pb_column type=&#8221;1_3&#8243; _builder_version=&#8221;3.0.47&#8243; column_padding_mobile=&#8221;on&#8221; parallax=&#8221;off&#8221; parallax_method=&#8221;on&#8221;][et_pb_text admin_label=&#8221;p Film&#8221; _builder_version=&#8221;3.0.51&#8243; background_size=&#8221;initial&#8221; background_position=&#8221;top_left&#8221; background_repeat=&#8221;repeat&#8221;]<\/p>\n<p class=\"p1\"><span class=\"s1\">Wandaa masterbatches offer a perfect dispersion and performance for extruding and blow molding of PE, PP, PS and PVC, for thin as well as for thicker film. They provide optimal UV resistance, high temperature stabilization and allow contact with food products.<\/span><\/p>\n<p>[\/et_pb_text][\/et_pb_column][et_pb_column type=&#8221;1_3&#8243; _builder_version=&#8221;3.0.47&#8243; column_padding_mobile=&#8221;on&#8221; parallax=&#8221;off&#8221; parallax_method=&#8221;on&#8221;][et_pb_image src=&#8221;\/wp-content\/uploads\/2016\/09\/Folienrolle.jpg&#8221; animation=&#8221;off&#8221; align=&#8221;center&#8221; max_width=&#8221;300px&#8221; admin_label=&#8221;Picture 1 Films&#8221; _builder_version=&#8221;3.0.47&#8243; custom_margin=&#8221;|||&#8221;] [\/et_pb_image][\/et_pb_column][et_pb_column type=&#8221;1_3&#8243; _builder_version=&#8221;3.0.47&#8243; column_padding_mobile=&#8221;on&#8221; parallax=&#8221;off&#8221; parallax_method=&#8221;on&#8221;][et_pb_image src=&#8221;\/wp-content\/uploads\/2016\/09\/Folie.jpg&#8221; animation=&#8221;off&#8221; align=&#8221;center&#8221; max_width=&#8221;300px&#8221; admin_label=&#8221;Picture 2 Films&#8221; _builder_version=&#8221;3.0.47&#8243; custom_margin=&#8221;|||&#8221;] [\/et_pb_image][\/et_pb_column][\/et_pb_row][\/et_pb_section][et_pb_section fb_built=&#8221;1&#8243; custom_padding=&#8221;0px||100px|&#8221; custom_padding_phone=&#8221;0px||50px|&#8221; padding_mobile=&#8221;off&#8221; admin_label=&#8221;section&#8221; _builder_version=&#8221;3.0.47&#8243; background_image=&#8221;\/wp-content\/uploads\/2016\/09\/Masterbatches-blau1.jpg&#8221; parallax=&#8221;on&#8221;][et_pb_row make_fullwidth=&#8221;on&#8221; use_custom_gutter=&#8221;on&#8221; gutter_width=&#8221;1&#8243; custom_padding=&#8221;0px|||&#8221; custom_padding_tablet=&#8221;0px|||&#8221; custom_padding_phone=&#8221;0px|||&#8221; padding_mobile=&#8221;off&#8221; column_padding_mobile=&#8221;on&#8221; admin_label=&#8221;row&#8221; _builder_version=&#8221;3.0.47&#8243; background_size=&#8221;initial&#8221; background_position=&#8221;top_left&#8221; background_repeat=&#8221;repeat&#8221;][et_pb_column type=&#8221;4_4&#8243; _builder_version=&#8221;3.0.47&#8243; column_padding_mobile=&#8221;on&#8221; parallax=&#8221;off&#8221; parallax_method=&#8221;on&#8221;][et_pb_text background_layout=&#8221;dark&#8221; text_orientation=&#8221;center&#8221; admin_label=&#8221;h2 Packaging&#8221; _builder_version=&#8221;3.0.47&#8243; background_color=&#8221;rgba(17,26,59,0.85)&#8221; background_size=&#8221;initial&#8221; background_position=&#8221;top_left&#8221; background_repeat=&#8221;repeat&#8221; custom_margin=&#8221;|||&#8221; custom_padding=&#8221;30px||30px|&#8221;]<\/p>\n<h2>Packaging<\/h2>\n<p>[\/et_pb_text][\/et_pb_column][\/et_pb_row][\/et_pb_section][et_pb_section fb_built=&#8221;1&#8243; padding_mobile=&#8221;off&#8221; admin_label=&#8221;section&#8221; _builder_version=&#8221;3.0.47&#8243;][et_pb_row use_custom_gutter=&#8221;on&#8221; gutter_width=&#8221;2&#8243; custom_padding_phone=&#8221;0px||0px|&#8221; padding_mobile=&#8221;off&#8221; column_padding_mobile=&#8221;on&#8221; admin_label=&#8221;row&#8221; _builder_version=&#8221;3.0.47&#8243; background_size=&#8221;initial&#8221; background_position=&#8221;top_left&#8221; background_repeat=&#8221;repeat&#8221;][et_pb_column type=&#8221;1_3&#8243; _builder_version=&#8221;3.0.47&#8243; column_padding_mobile=&#8221;on&#8221; parallax=&#8221;off&#8221; parallax_method=&#8221;on&#8221;][et_pb_text admin_label=&#8221;p Packaging&#8221; _builder_version=&#8221;3.0.51&#8243; background_size=&#8221;initial&#8221; background_position=&#8221;top_left&#8221; background_repeat=&#8221;repeat&#8221;]<\/p>\n<p class=\"p1\"><span class=\"s1\">Our experienced team helps you use Wandaa masterbatches for the optimal production of flexible and rigid packaging. Optimized solutions and fast service are our great strength.<\/span><\/p>\n<p>[\/et_pb_text][\/et_pb_column][et_pb_column type=&#8221;1_3&#8243; _builder_version=&#8221;3.0.47&#8243; column_padding_mobile=&#8221;on&#8221; parallax=&#8221;off&#8221; parallax_method=&#8221;on&#8221;][et_pb_image src=&#8221;\/wp-content\/uploads\/2016\/09\/Verpackung-Kanister.jpg&#8221; animation=&#8221;off&#8221; align=&#8221;center&#8221; max_width=&#8221;300px&#8221; admin_label=&#8221;Picture 1 Packaging&#8221; _builder_version=&#8221;3.0.47&#8243; custom_margin=&#8221;|||&#8221;] [\/et_pb_image][\/et_pb_column][et_pb_column type=&#8221;1_3&#8243; _builder_version=&#8221;3.0.47&#8243; column_padding_mobile=&#8221;on&#8221; parallax=&#8221;off&#8221; parallax_method=&#8221;on&#8221;][et_pb_image src=&#8221;\/wp-content\/uploads\/2016\/10\/Verpackung-Shampoo.jpg&#8221; animation=&#8221;off&#8221; align=&#8221;center&#8221; max_width=&#8221;300px&#8221; admin_label=&#8221;Picture 2 Packaging&#8221; _builder_version=&#8221;3.0.47&#8243; custom_margin=&#8221;|||&#8221;] [\/et_pb_image][\/et_pb_column][\/et_pb_row][\/et_pb_section][et_pb_section fb_built=&#8221;1&#8243; custom_padding=&#8221;0px||100px|&#8221; custom_padding_phone=&#8221;0px||50px|&#8221; padding_mobile=&#8221;off&#8221; admin_label=&#8221;section&#8221; _builder_version=&#8221;3.0.47&#8243; background_image=&#8221;\/wp-content\/uploads\/2016\/10\/Masterbatches-rot1.jpg&#8221; parallax=&#8221;on&#8221;][et_pb_row make_fullwidth=&#8221;on&#8221; use_custom_gutter=&#8221;on&#8221; gutter_width=&#8221;1&#8243; custom_padding=&#8221;0px|||&#8221; custom_padding_tablet=&#8221;0px|||&#8221; custom_padding_phone=&#8221;|||&#8221; padding_mobile=&#8221;off&#8221; column_padding_mobile=&#8221;on&#8221; admin_label=&#8221;row&#8221; _builder_version=&#8221;3.0.47&#8243; background_size=&#8221;initial&#8221; background_position=&#8221;top_left&#8221; background_repeat=&#8221;repeat&#8221;][et_pb_column type=&#8221;4_4&#8243; _builder_version=&#8221;3.0.47&#8243; column_padding_mobile=&#8221;on&#8221; parallax=&#8221;off&#8221; parallax_method=&#8221;on&#8221;][et_pb_text background_layout=&#8221;dark&#8221; text_orientation=&#8221;center&#8221; admin_label=&#8221;h2 household goods&#8221; _builder_version=&#8221;3.0.47&#8243; background_color=&#8221;rgba(142,45,48,0.85)&#8221; background_size=&#8221;initial&#8221; background_position=&#8221;top_left&#8221; background_repeat=&#8221;repeat&#8221; custom_margin=&#8221;|||&#8221; custom_padding=&#8221;30px||30px|&#8221;]<\/p>\n<h2>household\u00a0ITEMS<\/h2>\n<p>[\/et_pb_text][\/et_pb_column][\/et_pb_row][\/et_pb_section][et_pb_section fb_built=&#8221;1&#8243; padding_mobile=&#8221;off&#8221; admin_label=&#8221;Sektion&#8221; _builder_version=&#8221;3.0.47&#8243;][et_pb_row use_custom_gutter=&#8221;on&#8221; gutter_width=&#8221;2&#8243; custom_padding=&#8221;|||&#8221; custom_padding_phone=&#8221;0px||0px|&#8221; padding_mobile=&#8221;off&#8221; column_padding_mobile=&#8221;on&#8221; admin_label=&#8221;Zeile&#8221; _builder_version=&#8221;3.0.47&#8243; background_size=&#8221;initial&#8221; background_position=&#8221;top_left&#8221; background_repeat=&#8221;repeat&#8221;][et_pb_column type=&#8221;1_3&#8243; _builder_version=&#8221;3.0.47&#8243; column_padding_mobile=&#8221;on&#8221; parallax=&#8221;off&#8221; parallax_method=&#8221;on&#8221;][et_pb_text admin_label=&#8221;p household items&#8221; _builder_version=&#8221;3.0.51&#8243; background_size=&#8221;initial&#8221; background_position=&#8221;top_left&#8221; background_repeat=&#8221;repeat&#8221;]<\/p>\n<p class=\"p1\"><span class=\"s1\">Wandaa masterbatches are used for injection molding, blow molding and extruding of industrial products, household packaging and consumer goods. They provide an exceptional dispersion, performance, and extensive covering capacity.<\/span><\/p>\n<p>[\/et_pb_text][\/et_pb_column][et_pb_column type=&#8221;1_3&#8243; _builder_version=&#8221;3.0.47&#8243; column_padding_mobile=&#8221;on&#8221; parallax=&#8221;off&#8221; parallax_method=&#8221;on&#8221;][et_pb_image src=&#8221;\/wp-content\/uploads\/2016\/10\/Haushaltwaren-SitzeKisten.jpg&#8221; animation=&#8221;off&#8221; align=&#8221;center&#8221; max_width=&#8221;300px&#8221; admin_label=&#8221;Picture 1 household goods&#8221; _builder_version=&#8221;3.0.47&#8243; custom_margin=&#8221;|||&#8221;] [\/et_pb_image][\/et_pb_column][et_pb_column type=&#8221;1_3&#8243; _builder_version=&#8221;3.0.47&#8243; column_padding_mobile=&#8221;on&#8221; parallax=&#8221;off&#8221; parallax_method=&#8221;on&#8221;][et_pb_image src=&#8221;\/wp-content\/uploads\/2016\/10\/Haushaltwaren-Tupper.jpg&#8221; animation=&#8221;off&#8221; align=&#8221;center&#8221; max_width=&#8221;300px&#8221; admin_label=&#8221;Picture 2 household goods&#8221; _builder_version=&#8221;3.0.47&#8243; custom_margin=&#8221;|||&#8221;] [\/et_pb_image][\/et_pb_column][\/et_pb_row][\/et_pb_section][et_pb_section fb_built=&#8221;1&#8243; custom_padding=&#8221;0px||100px|&#8221; custom_padding_phone=&#8221;0px||50px|&#8221; padding_mobile=&#8221;off&#8221; admin_label=&#8221;section&#8221; _builder_version=&#8221;3.0.47&#8243; background_image=&#8221;\/wp-content\/uploads\/2016\/10\/Masterbatches-gruen1.jpg&#8221; parallax=&#8221;on&#8221;][et_pb_row make_fullwidth=&#8221;on&#8221; use_custom_gutter=&#8221;on&#8221; gutter_width=&#8221;1&#8243; custom_padding=&#8221;0px|||&#8221; custom_padding_phone=&#8221;0px|||&#8221; padding_mobile=&#8221;off&#8221; column_padding_mobile=&#8221;on&#8221; admin_label=&#8221;row&#8221; _builder_version=&#8221;3.0.47&#8243; background_size=&#8221;initial&#8221; background_position=&#8221;top_left&#8221; background_repeat=&#8221;repeat&#8221;][et_pb_column type=&#8221;4_4&#8243; _builder_version=&#8221;3.0.47&#8243; column_padding_mobile=&#8221;on&#8221; parallax=&#8221;off&#8221; parallax_method=&#8221;on&#8221;][et_pb_text background_layout=&#8221;dark&#8221; text_orientation=&#8221;center&#8221; admin_label=&#8221;h2 Industry Products&#8221; _builder_version=&#8221;3.0.47&#8243; background_color=&#8221;rgba(9,54,52,0.85)&#8221; background_size=&#8221;initial&#8221; background_position=&#8221;top_left&#8221; background_repeat=&#8221;repeat&#8221; custom_margin=&#8221;0px|||&#8221; custom_padding=&#8221;30px||30px|&#8221;]<\/p>\n<h2>Industry Products<\/h2>\n<p>[\/et_pb_text][\/et_pb_column][\/et_pb_row][\/et_pb_section][et_pb_section fb_built=&#8221;1&#8243; padding_mobile=&#8221;off&#8221; admin_label=&#8221;Sektion&#8221; _builder_version=&#8221;3.0.47&#8243;][et_pb_row use_custom_gutter=&#8221;on&#8221; gutter_width=&#8221;2&#8243; custom_padding_phone=&#8221;0px||0px|&#8221; padding_mobile=&#8221;off&#8221; column_padding_mobile=&#8221;on&#8221; admin_label=&#8221;Zeile&#8221; _builder_version=&#8221;3.0.47&#8243; background_size=&#8221;initial&#8221; background_position=&#8221;top_left&#8221; background_repeat=&#8221;repeat&#8221;][et_pb_column type=&#8221;1_3&#8243; _builder_version=&#8221;3.0.47&#8243; column_padding_mobile=&#8221;on&#8221; parallax=&#8221;off&#8221; parallax_method=&#8221;on&#8221;][et_pb_text admin_label=&#8221;p Industry Products&#8221; _builder_version=&#8221;3.0.51&#8243; background_size=&#8221;initial&#8221; background_position=&#8221;top_left&#8221; background_repeat=&#8221;repeat&#8221;]<\/p>\n<p class=\"p1\"><span class=\"s1\">Many major automotive suppliers and other industrial companies use Wandaa masterbatches to ensure their high quality requirements. Wandaa helps to find the best solution for the requirement concerned.<\/span><\/p>\n<p>[\/et_pb_text][\/et_pb_column][et_pb_column type=&#8221;1_3&#8243; _builder_version=&#8221;3.0.47&#8243; column_padding_mobile=&#8221;on&#8221; parallax=&#8221;off&#8221; parallax_method=&#8221;on&#8221;][et_pb_image src=&#8221;\/wp-content\/uploads\/2016\/10\/Industrieprodukte-Paletten.jpg&#8221; animation=&#8221;off&#8221; align=&#8221;center&#8221; max_width=&#8221;300px&#8221; admin_label=&#8221;Picture 1 Industry Products&#8221; _builder_version=&#8221;3.0.47&#8243; custom_margin=&#8221;|||&#8221;] [\/et_pb_image][\/et_pb_column][et_pb_column type=&#8221;1_3&#8243; _builder_version=&#8221;3.0.47&#8243; column_padding_mobile=&#8221;on&#8221; parallax=&#8221;off&#8221; parallax_method=&#8221;on&#8221;][et_pb_image src=&#8221;\/wp-content\/uploads\/2016\/10\/Industrieprodukte-Rohre.jpg&#8221; animation=&#8221;off&#8221; align=&#8221;center&#8221; max_width=&#8221;300px&#8221; admin_label=&#8221;Picture 2 Industry Products&#8221; _builder_version=&#8221;3.0.47&#8243; custom_margin=&#8221;|||&#8221;] [\/et_pb_image][\/et_pb_column][\/et_pb_row][\/et_pb_section]<\/p>\n","protected":false},"excerpt":{"rendered":"<p>Masterbatches\u00a0Colors Wandaa masterbatches are used in blow molding, extruding, injection molding, the film and tube production, and in compounding. This includes almost all industry sectors, including food and packaging industry, production of trash and shopping bags, construction and for agricultural foils, corrugated and other pipes, cables, consumer products, industry products, and many more. All our masterbatches are &ldquo;REACH&rdquo; registered. Film Wandaa masterbatches offer a perfect dispersion and performance for extruding and blow molding of PE, PP, PS and PVC, for thin as well as for thicker film. They provide optimal UV resistance, high temperature stabilization and allow contact with food products. Packaging Our experienced team helps you use Wandaa masterbatches for the optimal production of flexible and rigid packaging. Optimized solutions and fast service are our great strength. household\u00a0ITEMS Wandaa masterbatches are used for injection molding, blow molding and extruding of industrial products, household packaging and consumer goods. They provide an exceptional dispersion, performance, and extensive covering capacity. Industry Products Many major automotive suppliers and other industrial companies use Wandaa masterbatches to ensure their high quality requirements. Wandaa helps to find the best solution for the requirement concerned.<\/p>\n","protected":false},"author":11,"featured_media":0,"parent":0,"menu_order":0,"comment_status":"closed","ping_status":"closed","template":"","meta":{"_et_pb_use_builder":"on","_et_pb_old_content":"<p>Dies ist eine Beispiel-Seite. Sie unterscheidet sich von Beitr\u00e4gen, weil sie stets an der selben Stelle bleibt und (bei den meisten Themes) in der Navigationsleiste angezeigt wird. Die meisten Leute starten mit einer \u201e\u00dcber uns\u201c-Seite mit einer Vorstellung f\u00fcr m\u00f6gliche Besucher der Website. Dort k\u00f6nnte zum Beispiel stehen:<\/p><blockquote><p>Hallo! Tags\u00fcber arbeite ich als Fahrradkurier, nachts bin ich ein aufstrebender Schauspieler und dies hier ist mein Blog. Ich lebe in Berlin, habe einen gro\u00dfen Hund namens Jack, mag die Fantastischen Vier\u00a0und ein k\u00fchles Bier.<\/p><\/blockquote><p>Als neuer WordPress-Anwender solltest du das <a href=\"http:\/\/xdast.abcde.biz\/wordpress\/wp-admin\/\">Dashboard<\/a> aufrufen, um diese Seite zu l\u00f6schen und statt dessen eine neue Seite mit deinem eigenen Inhalt erstellen. Viel Spa\u00df!<\/p>","_et_gb_content_width":"","_monsterinsights_skip_tracking":false,"_monsterinsights_sitenote_active":false,"_monsterinsights_sitenote_note":"","_monsterinsights_sitenote_category":0,"footnotes":""},"class_list":["post-765","page","type-page","status-publish","hentry"],"_links":{"self":[{"href":"https:\/\/wandaa.com\/en\/wp-json\/wp\/v2\/pages\/765","targetHints":{"allow":["GET"]}}],"collection":[{"href":"https:\/\/wandaa.com\/en\/wp-json\/wp\/v2\/pages"}],"about":[{"href":"https:\/\/wandaa.com\/en\/wp-json\/wp\/v2\/types\/page"}],"author":[{"embeddable":true,"href":"https:\/\/wandaa.com\/en\/wp-json\/wp\/v2\/users\/11"}],"replies":[{"embeddable":true,"href":"https:\/\/wandaa.com\/en\/wp-json\/wp\/v2\/comments?post=765"}],"version-history":[{"count":0,"href":"https:\/\/wandaa.com\/en\/wp-json\/wp\/v2\/pages\/765\/revisions"}],"wp:attachment":[{"href":"https:\/\/wandaa.com\/en\/wp-json\/wp\/v2\/media?parent=765"}],"curies":[{"name":"wp","href":"https:\/\/api.w.org\/{rel}","templated":true}]}}