{"id":4054,"date":"2017-02-10T15:04:41","date_gmt":"2017-02-10T14:04:41","guid":{"rendered":"http:\/\/wandaa.com\/moisture-absorber-2\/"},"modified":"2017-06-19T15:51:58","modified_gmt":"2017-06-19T13:51:58","slug":"moisture-absorber-2","status":"publish","type":"page","link":"https:\/\/wandaa.com\/en\/moisture-absorber-2\/","title":{"rendered":"Moisture Absorber"},"content":{"rendered":"<p>[et_pb_section fb_built=&#8221;1&#8243; custom_padding=&#8221;|||&#8221; padding_mobile=&#8221;off&#8221; disabled_on=&#8221;off|off|off&#8221; admin_label=&#8221;section&#8221; _builder_version=&#8221;3.0.47&#8243; background_image=&#8221;https:\/\/wandaa.com\/wp-content\/uploads\/2016\/10\/Moisture_Absorber-1.jpg&#8221;][et_pb_row make_fullwidth=&#8221;on&#8221; use_custom_gutter=&#8221;on&#8221; gutter_width=&#8221;1&#8243; custom_padding=&#8221;120px||120px|&#8221; custom_padding_phone=&#8221;30px||30px|&#8221; padding_mobile=&#8221;off&#8221; column_padding_mobile=&#8221;on&#8221; admin_label=&#8221;row&#8221; _builder_version=&#8221;3.0.47&#8243; background_size=&#8221;initial&#8221; background_position=&#8221;top_left&#8221; background_repeat=&#8221;repeat&#8221;][et_pb_column type=&#8221;4_4&#8243; _builder_version=&#8221;3.0.47&#8243; column_padding_mobile=&#8221;on&#8221; parallax=&#8221;off&#8221; parallax_method=&#8221;on&#8221;][et_pb_text text_orientation=&#8221;center&#8221; admin_label=&#8221;h1 Moisture Absorber&#8221; _builder_version=&#8221;3.0.47&#8243; background_color=&#8221;rgba(255,255,255,0.76)&#8221; background_size=&#8221;initial&#8221; background_position=&#8221;top_left&#8221; background_repeat=&#8221;repeat&#8221; custom_margin=&#8221;|||&#8221; custom_padding=&#8221;30px||30px|&#8221;]<\/p>\n<h1>Moisture Absorber<\/h1>\n<p>[\/et_pb_text][\/et_pb_column][\/et_pb_row][\/et_pb_section][et_pb_section fb_built=&#8221;1&#8243; custom_padding=&#8221;||100px|&#8221; admin_label=&#8221;Sektion&#8221; _builder_version=&#8221;3.0.47&#8243; parallax=&#8221;on&#8221;][et_pb_row admin_label=&#8221;Zeile&#8221; _builder_version=&#8221;3.0.47&#8243; background_size=&#8221;initial&#8221; background_position=&#8221;top_left&#8221; background_repeat=&#8221;repeat&#8221;][et_pb_column type=&#8221;2_3&#8243; _builder_version=&#8221;3.0.47&#8243; parallax=&#8221;off&#8221; parallax_method=&#8221;on&#8221;][et_pb_text admin_label=&#8221;p Moisture Absorber&#8221; _builder_version=&#8221;3.0.51&#8243; background_size=&#8221;initial&#8221; background_position=&#8221;top_left&#8221; background_repeat=&#8221;repeat&#8221;]<\/p>\n<p class=\"p1\"><strong><span class=\"s1\">Wandaa Moisture absorbers have been developed to prevent the fish eye effect in film blowing as well as to prevent bubbles and porosity during the manufacturing process.<\/span><\/strong><\/p>\n<p class=\"p1\"><span class=\"s1\">Moisture, which is present in all recycled materials, especially PE films, will be absorbed and the calcium oxide will change to calcium hydroxide after reaction with the moisture absorber. This reaction will <\/span><span class=\"s2\">happen during the extrusion process.<span class=\"Apple-converted-space\">&nbsp; <\/span>As an additional<\/span><span class=\"s1\"> advantage, our additives help to decrease the formation of nitrosamines.<\/span><\/p>\n<p class=\"p3\"><span class=\"s1\">Our moisture absorbers are inactive during mixing but then react quicker than other calcium oxide preparations, permitting shorter standing time between mixing and extrusion. In comparison to <\/span><span class=\"s2\">CaO<\/span><span class=\"s1\"> preparations in powder form, which react during the mixing process, our additives show clear advantages due to their desensitized form. <\/span><\/p>\n<p class=\"p3\"><span class=\"s1\">The most important point is that the dosage may be considerably reduced; therefore, the influence of <\/span><span class=\"s2\">CaO<\/span><span class=\"s1\"> <\/span><span class=\"s2\">on the physical<\/span><span class=\"s1\"> properties of the compound is minimized.<\/span><\/p>\n<p class=\"p4\"><span class=\"s3\">The granules <\/span><span class=\"s1\">have a special<\/span><span class=\"s3\"> formulation so that the use and dispersion even in very thin films will be quick<\/span><span class=\"s1\"> and without any problems. Easy dispersion will take place immediately after the addition to the compound.<\/span><\/p>\n<p class=\"p6\"><span class=\"s3\">Special <\/span><span class=\"s1\">5 kg vacuum bags<\/span><span class=\"s3\"> packing for<\/span><span class=\"s4\"> easy handling and <\/span><span class=\"s3\">a long <\/span><span class=\"s1\">storage stability.<\/span><\/p>\n<p>[\/et_pb_text][\/et_pb_column][et_pb_column type=&#8221;1_3&#8243; _builder_version=&#8221;3.0.47&#8243; parallax=&#8221;off&#8221; parallax_method=&#8221;on&#8221;][et_pb_image src=&#8221;https:\/\/wandaa.com\/wp-content\/uploads\/2016\/10\/Moisture_Absorber.jpg&#8221; animation=&#8221;off&#8221; admin_label=&#8221;Bild 1 Industrieprodukte&#8221; _builder_version=&#8221;3.0.47&#8243;] [\/et_pb_image][et_pb_image src=&#8221;https:\/\/wandaa.com\/wp-content\/uploads\/2016\/10\/Moisture_Absorber-2.jpg&#8221; animation=&#8221;off&#8221; admin_label=&#8221;Bild 2 Industrieprodukte&#8221; _builder_version=&#8221;3.0.47&#8243;] [\/et_pb_image][\/et_pb_column][\/et_pb_row][\/et_pb_section]<\/p>\n","protected":false},"excerpt":{"rendered":"<p>Moisture Absorber Wandaa Moisture absorbers have been developed to prevent the fish eye effect in film blowing as well as to prevent bubbles and porosity during the manufacturing process. Moisture, which is present in all recycled materials, especially PE films, will be absorbed and the calcium oxide will change to calcium hydroxide after reaction with the moisture absorber. This reaction will happen during the extrusion process.&nbsp; As an additional advantage, our additives help to decrease the formation of nitrosamines. Our moisture absorbers are inactive during mixing but then react quicker than other calcium oxide preparations, permitting shorter standing time between mixing and extrusion. In comparison to CaO preparations in powder form, which react during the mixing process, our additives show clear advantages due to their desensitized form. The most important point is that the dosage may be considerably reduced; therefore, the influence of CaO on the physical properties of the compound is minimized. The granules have a special formulation so that the use and dispersion even in very thin films will be quick and without any problems. Easy dispersion will take place immediately after the addition to the compound. Special 5 kg vacuum bags packing for easy handling and a [&hellip;]<\/p>\n","protected":false},"author":11,"featured_media":0,"parent":0,"menu_order":0,"comment_status":"closed","ping_status":"closed","template":"","meta":{"_et_pb_use_builder":"on","_et_pb_old_content":"<p>Dies ist eine Beispiel-Seite. Sie unterscheidet sich von Beitr\u00e4gen, weil sie stets an der selben Stelle bleibt und (bei den meisten Themes) in der Navigationsleiste angezeigt wird. Die meisten Leute starten mit einer \u201e\u00dcber uns\u201c-Seite mit einer Vorstellung f\u00fcr m\u00f6gliche Besucher der Website. Dort k\u00f6nnte zum Beispiel stehen:<\/p><blockquote><p>Hallo! Tags\u00fcber arbeite ich als Fahrradkurier, nachts bin ich ein aufstrebender Schauspieler und dies hier ist mein Blog. Ich lebe in Berlin, habe einen gro\u00dfen Hund namens Jack, mag die Fantastischen Vier\u00a0und ein k\u00fchles Bier.<\/p><\/blockquote><p>Als neuer WordPress-Anwender solltest du das <a href=\"http:\/\/xdast.abcde.biz\/wordpress\/wp-admin\/\">Dashboard<\/a> aufrufen, um diese Seite zu l\u00f6schen und statt dessen eine neue Seite mit deinem eigenen Inhalt erstellen. Viel Spa\u00df!<\/p>","_et_gb_content_width":"","_monsterinsights_skip_tracking":false,"_monsterinsights_sitenote_active":false,"_monsterinsights_sitenote_note":"","_monsterinsights_sitenote_category":0,"footnotes":""},"class_list":["post-4054","page","type-page","status-publish","hentry"],"_links":{"self":[{"href":"https:\/\/wandaa.com\/en\/wp-json\/wp\/v2\/pages\/4054","targetHints":{"allow":["GET"]}}],"collection":[{"href":"https:\/\/wandaa.com\/en\/wp-json\/wp\/v2\/pages"}],"about":[{"href":"https:\/\/wandaa.com\/en\/wp-json\/wp\/v2\/types\/page"}],"author":[{"embeddable":true,"href":"https:\/\/wandaa.com\/en\/wp-json\/wp\/v2\/users\/11"}],"replies":[{"embeddable":true,"href":"https:\/\/wandaa.com\/en\/wp-json\/wp\/v2\/comments?post=4054"}],"version-history":[{"count":0,"href":"https:\/\/wandaa.com\/en\/wp-json\/wp\/v2\/pages\/4054\/revisions"}],"wp:attachment":[{"href":"https:\/\/wandaa.com\/en\/wp-json\/wp\/v2\/media?parent=4054"}],"curies":[{"name":"wp","href":"https:\/\/api.w.org\/{rel}","templated":true}]}}